{"id":988102,"date":"2022-02-12T18:52:08","date_gmt":"2022-02-12T18:52:08","guid":{"rendered":"https:\/\/tba.rp-web.de\/?page_id=988102"},"modified":"2024-07-04T17:32:29","modified_gmt":"2024-07-04T17:32:29","slug":"imprint","status":"publish","type":"page","link":"https:\/\/the-bay-areas.de\/en\/impressum\/","title":{"rendered":"Imprint"},"content":{"rendered":"<div class=\"vgblk-rw-wrapper limit-wrapper\">\n<h2>Imprint<\/h2>\n<p>The Bay Areas e.V.<br \/>\nIn the brewery quarter 5<br \/>\nD-24118 Kiel<\/p>\n<p>Register of associations: VR 6599 KI<br \/>\nRegister court: Local court Kiel<\/p>\n<h5>Represented by<\/h5>\n<p><strong>First Chairman<\/strong><\/p>\n<p>Axel Schulz<br \/>\nTel: <a href=\"tel:+49043164775\">+49 (0) 431 64775 30<\/a><br \/>\n<a href=\"mailto:as@the-bay-areas.de\">as@the-bay-areas.de<\/a><\/p>\n<p><strong>Chief Financial Officer<\/strong><\/p>\n<p>Gerrit M\u00fcller-R\u00fcster<br \/>\nTel: <a href=\"tel:+4904315936373\">+49 (0) 431 5936 373<\/a><br \/>\n<a href=\"mailto:gmr@the-bay-areas.de\">gmr@the-bay-areas.de<\/a><\/p>\n<p><strong>Second Chairman<\/strong><\/p>\n<p>Frank B\u00f6senk\u00f6tter<br \/>\nTel: <a href=\"tel:+49043136306810\">+49 (0) 431 36306 810<\/a><br \/>\n<a href=\"mailto:fb@the-bay-areas.de\">fb@the-bay-areas.de<\/a><\/p>\n<h5>Contact us<\/h5>\n<p>Anna Dornberger<br \/>\nTel: <a href=\"tel:+4904316477536\">+49 (0) 431 64775 36<\/a><br \/>\n<a href=\"mailto:ad@the-bay-areas.de\">ad@the-bay-areas.de<\/a><\/p>\n<h5>Editorially responsible<\/h5>\n<p>Anna Dornberger, Beatrix Richter<\/p>\n<h5>EU dispute resolution<\/h5>\n<p>The European Commission provides a platform for online dispute resolution (ODR):\u00a0<a href=\"https:\/\/ec.europa.eu\/consumers\/odr\/\" target=\"_blank\" rel=\"noopener noreferrer\">https:\/\/ec.europa.eu\/consumers\/odr\/<\/a>You can find our e-mail address in the imprint above.<\/p>\n<h5>Consumer dispute resolution\/ universal arbitration board<\/h5>\n<p>We participate in dispute resolution proceedings before a consumer arbitration board. The universal arbitration board of the Zentrum f\u00fcr Schlichtung e.V., Stra\u00dfburger Stra\u00dfe 8, 77694 Kehl am Rhein (<a href=\"https:\/\/www.verbraucher-schlichter.de\/\" target=\"_blank\" rel=\"noopener noreferrer\">https:\/\/www.verbraucher-schlichter.de)<\/a><\/p>\n<h5>Development of the website<\/h5>\n<p>repaste GmbH<br \/>\nWeb: <a href=\"https:\/\/repaste.de\">repaste.de<\/a><br \/>\nE-Mail: <a href=\"mailto:hallo@repaste.de\">hallo@repaste.de<\/a><\/p>\n<h5>Copyright for images and videos used<\/h5>\n<p><b>Pictures<br \/>\n<\/b><\/p>\n<ul style=\"box-sizing: inherit; margin-right: 0px; margin-bottom: 2rem; margin-left: 1rem; list-style-position: outside; line-height: 2rem; color: #0a1420; font-size: 16px; font-style: normal; font-variant-ligatures: normal; font-variant-caps: normal; font-weight: 400;\">\n<li style=\"box-sizing: inherit;\">The Bay Areas e.V.<\/li>\n<li style=\"box-sizing: inherit;\">Philipp Neuenfeldt (Home, News, Events, Projects, Economy)<\/li>\n<li style=\"box-sizing: inherit;\">shutterstock (sustainability, film festivals)<\/li>\n<li style=\"box-sizing: inherit;\">Lichttakt \/ F. Dudek (high flyer)<\/li>\n<li style=\"box-sizing: inherit;\">Julia Siekmann, CAU (Science and Education)<\/li>\n<li style=\"box-sizing: inherit;\">Christina Kloodt (Bay Areas Lectures)<\/li>\n<li style=\"box-sizing: inherit;\">Bernd Lensch (Dragon boat race)<\/li>\n<li>Jan Konitzki (high-flyer, members' meeting 2024)<\/li>\n<\/ul>\n<p><b>Videos<\/b><\/p>\n<ul style=\"box-sizing: inherit; margin-right: 0px; margin-bottom: 2rem; margin-left: 1rem; list-style-position: outside; line-height: 2rem; color: #0a1420; font-size: 16px; font-style: normal; font-variant-ligatures: normal; font-variant-caps: normal; font-weight: 400;\">\n<li style=\"box-sizing: inherit;\">Barne Peters | Image production (home page and high flyer)<\/li>\n<\/ul>\n<h5>Disclaimer<\/h5>\n<p><strong>Liability for content<br \/>\n<\/strong><br \/>\nAs a service provider, we are responsible for our own content on these pages in accordance with Section 7 (1) TMG (German Telemedia Act) and general legislation. According to \u00a7\u00a7 8 to 10 TMG, however, we as a service provider are not obliged to monitor transmitted or stored third-party information or to investigate circumstances that indicate illegal activity.<br \/>\nObligations to remove or block the use of information in accordance with general legislation remain unaffected by this. However, liability in this respect is only possible from the time we become aware of a specific infringement. As soon as we become aware of such infringements, we will remove this content immediately.<\/p>\n<p><strong>Liability for links<\/strong><br \/>\nOur website contains links to external third-party websites over whose content we have no influence. Therefore, we cannot accept any liability for this third-party content. The respective provider or operator of the pages is always responsible for the content of the linked pages. The linked pages were checked for possible legal violations at the time of linking. Illegal content was not recognizable at the time of linking.<br \/>\nHowever, permanent monitoring of the content of the linked pages is not reasonable without concrete evidence of an infringement. If we become aware of any legal infringements, we will remove such links immediately.<\/p>\n<p><b>Copyright<br \/>\n<\/b>The content and works created by the site operators on these pages are subject to German copyright law. Duplication, processing, distribution and any form of commercialization of such material beyond the scope of the copyright law shall require the prior written consent of its respective author or creator. Downloads and copies of this site are only permitted for private, non-commercial use.<\/p>\n<p>Insofar as the content on this site was not created by the operator, the copyrights of third parties are respected. In particular, third-party content is identified as such. Should you nevertheless become aware of a copyright infringement, please inform us accordingly. If we become aware of any infringements, we will remove such content immediately<\/p><\/div>\n<p><!-- .vgblk-rw-wrapper --><\/p>","protected":false},"excerpt":{"rendered":"<p>Imprint The Bay Areas e.V. Im Brauereiviertel 5 D-24118 Kiel Register of Associations: VR 6599 KI Register Court: Kiel Local Court Represented by First Chairman Axel Schulz Tel: +49 (0) 431 64775 30 as@the-bay-areas.de...<\/p>","protected":false},"author":5,"featured_media":0,"parent":0,"menu_order":0,"comment_status":"closed","ping_status":"closed","template":"","meta":{"inline_featured_image":false,"footnotes":""},"class_list":["post-988102","page","type-page","status-publish","hentry"],"yoast_head":"<!-- This site is optimized with the Yoast SEO plugin v27.3 - https:\/\/yoast.com\/product\/yoast-seo-wordpress\/ -->\n<title>Impressum - The Bay Areas e.V.<\/title>\n<meta name=\"robots\" content=\"index, follow, max-snippet:-1, max-image-preview:large, max-video-preview:-1\" \/>\n<link rel=\"canonical\" href=\"https:\/\/the-bay-areas.de\/en\/imprint\/\" \/>\n<meta property=\"og:locale\" content=\"en_US\" \/>\n<meta property=\"og:type\" content=\"article\" \/>\n<meta property=\"og:title\" content=\"Impressum - The Bay Areas e.V.\" \/>\n<meta property=\"og:description\" content=\"Impressum The Bay Areas e.V. Im Brauereiviertel 5 D-24118 Kiel Vereinsregister: VR 6599 KI Registergericht: Amtsgericht Kiel Vertreten durch Erster Vorsitzender Axel Schulz Tel: +49 (0) 431 64775 30 as@the-bay-areas.de...\" \/>\n<meta property=\"og:url\" content=\"https:\/\/the-bay-areas.de\/en\/imprint\/\" \/>\n<meta property=\"og:site_name\" content=\"The Bay Areas e.V.\" \/>\n<meta property=\"article:publisher\" content=\"https:\/\/www.facebook.com\/TheBayAreas\/\" \/>\n<meta property=\"article:modified_time\" content=\"2024-07-04T17:32:29+00:00\" \/>\n<meta name=\"twitter:card\" content=\"summary_large_image\" \/>\n<meta name=\"twitter:site\" content=\"@the_bay_areas\" \/>\n<meta name=\"twitter:label1\" content=\"Est. reading time\" \/>\n\t<meta name=\"twitter:data1\" content=\"3 minutes\" \/>\n<script type=\"application\/ld+json\" class=\"yoast-schema-graph\">{\"@context\":\"https:\\\/\\\/schema.org\",\"@graph\":[{\"@type\":\"WebPage\",\"@id\":\"https:\\\/\\\/the-bay-areas.de\\\/impressum\\\/\",\"url\":\"https:\\\/\\\/the-bay-areas.de\\\/impressum\\\/\",\"name\":\"Impressum - The Bay Areas e.V.\",\"isPartOf\":{\"@id\":\"https:\\\/\\\/the-bay-areas.de\\\/#website\"},\"datePublished\":\"2022-02-12T18:52:08+00:00\",\"dateModified\":\"2024-07-04T17:32:29+00:00\",\"breadcrumb\":{\"@id\":\"https:\\\/\\\/the-bay-areas.de\\\/impressum\\\/#breadcrumb\"},\"inLanguage\":\"en-US\",\"potentialAction\":[{\"@type\":\"ReadAction\",\"target\":[\"https:\\\/\\\/the-bay-areas.de\\\/impressum\\\/\"]}]},{\"@type\":\"BreadcrumbList\",\"@id\":\"https:\\\/\\\/the-bay-areas.de\\\/impressum\\\/#breadcrumb\",\"itemListElement\":[{\"@type\":\"ListItem\",\"position\":1,\"name\":\"Startseite\",\"item\":\"https:\\\/\\\/the-bay-areas.de\\\/\"},{\"@type\":\"ListItem\",\"position\":2,\"name\":\"Impressum\"}]},{\"@type\":\"WebSite\",\"@id\":\"https:\\\/\\\/the-bay-areas.de\\\/#website\",\"url\":\"https:\\\/\\\/the-bay-areas.de\\\/\",\"name\":\"The Bay Areas e.V.\",\"description\":\"We are The Bay Areas\",\"publisher\":{\"@id\":\"https:\\\/\\\/the-bay-areas.de\\\/#organization\"},\"potentialAction\":[{\"@type\":\"SearchAction\",\"target\":{\"@type\":\"EntryPoint\",\"urlTemplate\":\"https:\\\/\\\/the-bay-areas.de\\\/?s={search_term_string}\"},\"query-input\":{\"@type\":\"PropertyValueSpecification\",\"valueRequired\":true,\"valueName\":\"search_term_string\"}}],\"inLanguage\":\"en-US\"},{\"@type\":\"Organization\",\"@id\":\"https:\\\/\\\/the-bay-areas.de\\\/#organization\",\"name\":\"The Bay Areas e.V.\",\"url\":\"https:\\\/\\\/the-bay-areas.de\\\/\",\"logo\":{\"@type\":\"ImageObject\",\"inLanguage\":\"en-US\",\"@id\":\"https:\\\/\\\/the-bay-areas.de\\\/#\\\/schema\\\/logo\\\/image\\\/\",\"url\":\"https:\\\/\\\/the-bay-areas.de\\\/wp-content\\\/uploads\\\/2020\\\/11\\\/logo-footer-home1.svg\",\"contentUrl\":\"https:\\\/\\\/the-bay-areas.de\\\/wp-content\\\/uploads\\\/2020\\\/11\\\/logo-footer-home1.svg\",\"width\":163,\"height\":48,\"caption\":\"The Bay Areas e.V.\"},\"image\":{\"@id\":\"https:\\\/\\\/the-bay-areas.de\\\/#\\\/schema\\\/logo\\\/image\\\/\"},\"sameAs\":[\"https:\\\/\\\/www.facebook.com\\\/TheBayAreas\\\/\",\"https:\\\/\\\/x.com\\\/the_bay_areas\",\"https:\\\/\\\/www.linkedin.com\\\/company\\\/the-bay-areas\\\/\",\"https:\\\/\\\/www.instagram.com\\\/thebayareas\\\/\",\"https:\\\/\\\/www.youtube.com\\\/channel\\\/UCI47OHgXM5yrlVla0VVJQzQ\\\/featured\"]}]}<\/script>\n<!-- \/ Yoast SEO plugin. -->","yoast_head_json":{"title":"Imprint - The Bay Areas e.V.","robots":{"index":"index","follow":"follow","max-snippet":"max-snippet:-1","max-image-preview":"max-image-preview:large","max-video-preview":"max-video-preview:-1"},"canonical":"https:\/\/the-bay-areas.de\/en\/imprint\/","og_locale":"en_US","og_type":"article","og_title":"Impressum - The Bay Areas e.V.","og_description":"Impressum The Bay Areas e.V. Im Brauereiviertel 5 D-24118 Kiel Vereinsregister: VR 6599 KI Registergericht: Amtsgericht Kiel Vertreten durch Erster Vorsitzender Axel Schulz Tel: +49 (0) 431 64775 30 as@the-bay-areas.de...","og_url":"https:\/\/the-bay-areas.de\/en\/imprint\/","og_site_name":"The Bay Areas e.V.","article_publisher":"https:\/\/www.facebook.com\/TheBayAreas\/","article_modified_time":"2024-07-04T17:32:29+00:00","twitter_card":"summary_large_image","twitter_site":"@the_bay_areas","twitter_misc":{"Est. reading time":"3 minutes"},"schema":{"@context":"https:\/\/schema.org","@graph":[{"@type":"WebPage","@id":"https:\/\/the-bay-areas.de\/impressum\/","url":"https:\/\/the-bay-areas.de\/impressum\/","name":"Imprint - The Bay Areas e.V.","isPartOf":{"@id":"https:\/\/the-bay-areas.de\/#website"},"datePublished":"2022-02-12T18:52:08+00:00","dateModified":"2024-07-04T17:32:29+00:00","breadcrumb":{"@id":"https:\/\/the-bay-areas.de\/impressum\/#breadcrumb"},"inLanguage":"en-US","potentialAction":[{"@type":"ReadAction","target":["https:\/\/the-bay-areas.de\/impressum\/"]}]},{"@type":"BreadcrumbList","@id":"https:\/\/the-bay-areas.de\/impressum\/#breadcrumb","itemListElement":[{"@type":"ListItem","position":1,"name":"Startseite","item":"https:\/\/the-bay-areas.de\/"},{"@type":"ListItem","position":2,"name":"Impressum"}]},{"@type":"WebSite","@id":"https:\/\/the-bay-areas.de\/#website","url":"https:\/\/the-bay-areas.de\/","name":"The Bay Areas e.V.","description":"We are The Bay Areas","publisher":{"@id":"https:\/\/the-bay-areas.de\/#organization"},"potentialAction":[{"@type":"SearchAction","target":{"@type":"EntryPoint","urlTemplate":"https:\/\/the-bay-areas.de\/?s={search_term_string}"},"query-input":{"@type":"PropertyValueSpecification","valueRequired":true,"valueName":"search_term_string"}}],"inLanguage":"en-US"},{"@type":"Organization","@id":"https:\/\/the-bay-areas.de\/#organization","name":"The Bay Areas e.V.","url":"https:\/\/the-bay-areas.de\/","logo":{"@type":"ImageObject","inLanguage":"en-US","@id":"https:\/\/the-bay-areas.de\/#\/schema\/logo\/image\/","url":"https:\/\/the-bay-areas.de\/wp-content\/uploads\/2020\/11\/logo-footer-home1.svg","contentUrl":"https:\/\/the-bay-areas.de\/wp-content\/uploads\/2020\/11\/logo-footer-home1.svg","width":163,"height":48,"caption":"The Bay Areas e.V."},"image":{"@id":"https:\/\/the-bay-areas.de\/#\/schema\/logo\/image\/"},"sameAs":["https:\/\/www.facebook.com\/TheBayAreas\/","https:\/\/x.com\/the_bay_areas","https:\/\/www.linkedin.com\/company\/the-bay-areas\/","https:\/\/www.instagram.com\/thebayareas\/","https:\/\/www.youtube.com\/channel\/UCI47OHgXM5yrlVla0VVJQzQ\/featured"]}]}},"_links":{"self":[{"href":"https:\/\/the-bay-areas.de\/en\/wp-json\/wp\/v2\/pages\/988102","targetHints":{"allow":["GET"]}}],"collection":[{"href":"https:\/\/the-bay-areas.de\/en\/wp-json\/wp\/v2\/pages"}],"about":[{"href":"https:\/\/the-bay-areas.de\/en\/wp-json\/wp\/v2\/types\/page"}],"author":[{"embeddable":true,"href":"https:\/\/the-bay-areas.de\/en\/wp-json\/wp\/v2\/users\/5"}],"replies":[{"embeddable":true,"href":"https:\/\/the-bay-areas.de\/en\/wp-json\/wp\/v2\/comments?post=988102"}],"version-history":[{"count":45,"href":"https:\/\/the-bay-areas.de\/en\/wp-json\/wp\/v2\/pages\/988102\/revisions"}],"predecessor-version":[{"id":991817,"href":"https:\/\/the-bay-areas.de\/en\/wp-json\/wp\/v2\/pages\/988102\/revisions\/991817"}],"wp:attachment":[{"href":"https:\/\/the-bay-areas.de\/en\/wp-json\/wp\/v2\/media?parent=988102"}],"curies":[{"name":"wp","href":"https:\/\/api.w.org\/{rel}","templated":true}]}}