{"id":13403,"date":"2022-01-12T08:43:12","date_gmt":"2022-01-12T08:43:12","guid":{"rendered":"https:\/\/estudiar.vamtam.com\/?page_id=13403"},"modified":"2022-06-19T20:10:54","modified_gmt":"2022-06-19T20:10:54","slug":"reverse-pitch-2","status":"publish","type":"page","link":"https:\/\/the-bay-areas.de\/en\/reverse-pitch-2\/","title":{"rendered":"Reverse Pitch | In cooperation with the Waterkant Festival"},"content":{"rendered":"<div data-elementor-type=\"wp-page\" data-elementor-id=\"13403\" class=\"elementor elementor-13403\" data-elementor-post-type=\"page\">\n\t\t\t\t\t\t<section class=\"elementor-section elementor-top-section elementor-element elementor-element-6fea53f animated-fast elementor-section-boxed elementor-section-height-default elementor-section-height-default elementor-invisible\" data-id=\"6fea53f\" data-element_type=\"section\" data-e-type=\"section\" data-settings=\"{&quot;animation&quot;:&quot;fadeIn&quot;}\">\n\t\t\t\t\t\t<div class=\"elementor-container elementor-column-gap-no\">\n\t\t\t\t\t<div class=\"elementor-column elementor-col-100 elementor-top-column elementor-element elementor-element-c350db2\" data-id=\"c350db2\" data-element_type=\"column\" data-e-type=\"column\">\n\t\t\t<div class=\"elementor-widget-wrap elementor-element-populated\">\n\t\t\t\t\t\t\t<\/div>\n\t\t<\/div>\n\t\t\t\t\t<\/div>\n\t\t<\/section>\n\t\t\t\t<section class=\"elementor-section elementor-top-section elementor-element elementor-element-4c2cbe7 elementor-section-boxed elementor-section-height-default elementor-section-height-default\" data-id=\"4c2cbe7\" data-element_type=\"section\" data-e-type=\"section\">\n\t\t\t\t\t\t<div class=\"elementor-container elementor-column-gap-no\">\n\t\t\t\t\t<div class=\"elementor-column elementor-col-100 elementor-top-column elementor-element elementor-element-05fef1e\" data-id=\"05fef1e\" data-element_type=\"column\" data-e-type=\"column\">\n\t\t\t<div class=\"elementor-widget-wrap elementor-element-populated\">\n\t\t\t\t\t\t<div class=\"elementor-element elementor-element-2ff428c elementor-invisible elementor-widget elementor-widget-heading\" data-id=\"2ff428c\" data-element_type=\"widget\" data-e-type=\"widget\" data-settings=\"{&quot;_animation&quot;:&quot;fadeIn&quot;,&quot;_animation_tablet&quot;:&quot;none&quot;,&quot;_animation_mobile&quot;:&quot;none&quot;,&quot;_animation_delay&quot;:200}\" data-widget_type=\"heading.default\">\n\t\t\t\t<div class=\"elementor-widget-container\">\n\t\t\t\t\t<h5 class=\"elementor-heading-title elementor-size-default\">Startups x SMEs<\/h5>\t\t\t\t<\/div>\n\t\t\t\t<\/div>\n\t\t\t\t\t<\/div>\n\t\t<\/div>\n\t\t\t\t\t<\/div>\n\t\t<\/section>\n\t\t\t\t<section class=\"elementor-section elementor-top-section elementor-element elementor-element-1fe93e6 elementor-section-boxed elementor-section-height-default elementor-section-height-default\" data-id=\"1fe93e6\" data-element_type=\"section\" data-e-type=\"section\">\n\t\t\t\t\t\t<div class=\"elementor-container elementor-column-gap-no\">\n\t\t\t\t\t<div class=\"elementor-column elementor-col-100 elementor-top-column elementor-element elementor-element-a71d332\" data-id=\"a71d332\" data-element_type=\"column\" data-e-type=\"column\">\n\t\t\t<div class=\"elementor-widget-wrap elementor-element-populated\">\n\t\t\t\t\t\t<div class=\"elementor-element elementor-element-208e3d3 elementor-invisible elementor-widget elementor-widget-text-editor\" data-id=\"208e3d3\" data-element_type=\"widget\" data-e-type=\"widget\" data-settings=\"{&quot;_animation&quot;:&quot;fadeIn&quot;,&quot;_animation_tablet&quot;:&quot;none&quot;,&quot;_animation_mobile&quot;:&quot;none&quot;,&quot;_animation_delay&quot;:300}\" data-widget_type=\"text-editor.default\">\n\t\t\t\t<div class=\"elementor-widget-container\">\n\t\t\t\t\t\t\t\t\t<p>We turn the tables: 5 companies pitch their Business Challenge to selected start-ups.<\/p><ul><li>Goal: Startups develop solutions with companies<\/li><li>Pitch coaching for the companies before the event<\/li><li>Meet &amp; talk with snacks &amp; drinks in a relaxed atmosphere<\/li><\/ul><p>-&gt; Apply now to <a href=\"mailto:we@the-bay-areas.de\">we@the-bay-areas.de<\/a> and let the startups solve your challenges!<\/p><p>\u00a0<\/p><p><strong>Which Business Challenge would you like to pitch? Talk to us!<\/strong><\/p><ul><li>new services for the product ecosystem<\/li><li>Industry-specific, innovative solution developments in the areas of marketing, sales, etc.<\/li><li>Start-up support for the introduction of technologies such as XR or blockchain<\/li><li>Exploiting the potential of a large existing AI data pool<\/li><\/ul><p>\u00a0<\/p>\t\t\t\t\t\t\t\t<\/div>\n\t\t\t\t<\/div>\n\t\t\t\t\t<\/div>\n\t\t<\/div>\n\t\t\t\t\t<\/div>\n\t\t<\/section>\n\t\t\t\t<section class=\"elementor-section elementor-top-section elementor-element elementor-element-7c7baef elementor-section-boxed elementor-section-height-default elementor-section-height-default\" data-id=\"7c7baef\" data-element_type=\"section\" data-e-type=\"section\">\n\t\t\t\t\t\t<div class=\"elementor-container elementor-column-gap-no\">\n\t\t\t\t\t<div class=\"elementor-column elementor-col-33 elementor-top-column elementor-element elementor-element-f6360a1 elementor-invisible\" data-id=\"f6360a1\" data-element_type=\"column\" data-e-type=\"column\" data-settings=\"{&quot;animation&quot;:&quot;fadeIn&quot;,&quot;animation_tablet&quot;:&quot;none&quot;,&quot;animation_mobile&quot;:&quot;none&quot;,&quot;animation_delay&quot;:200}\">\n\t\t\t<div class=\"elementor-widget-wrap elementor-element-populated\">\n\t\t\t\t\t\t<div class=\"elementor-element elementor-element-25f8518 elementor-widget elementor-widget-heading\" data-id=\"25f8518\" data-element_type=\"widget\" data-e-type=\"widget\" data-widget_type=\"heading.default\">\n\t\t\t\t<div class=\"elementor-widget-container\">\n\t\t\t\t\t<h5 class=\"elementor-heading-title elementor-size-default\">Details:<\/h5>\t\t\t\t<\/div>\n\t\t\t\t<\/div>\n\t\t\t\t<div class=\"elementor-element elementor-element-d9fbb4f elementor-widget elementor-widget-text-editor\" data-id=\"d9fbb4f\" data-element_type=\"widget\" data-e-type=\"widget\" data-widget_type=\"text-editor.default\">\n\t\t\t\t<div class=\"elementor-widget-container\">\n\t\t\t\t\t\t\t\t\t<p><strong>Start:<\/strong><br \/>March 29, 2022 at 4:30 pm<\/p><p><strong>End:<\/strong><br \/>March 29, 2022 at 7:00 pm<\/p><p><strong>Costs:<\/strong><br \/>free of charge<\/p>\t\t\t\t\t\t\t\t<\/div>\n\t\t\t\t<\/div>\n\t\t\t\t\t<\/div>\n\t\t<\/div>\n\t\t\t\t<div class=\"elementor-column elementor-col-33 elementor-top-column elementor-element elementor-element-3d7b056 elementor-invisible\" data-id=\"3d7b056\" data-element_type=\"column\" data-e-type=\"column\" data-settings=\"{&quot;animation&quot;:&quot;fadeIn&quot;,&quot;animation_tablet&quot;:&quot;none&quot;,&quot;animation_mobile&quot;:&quot;none&quot;,&quot;animation_delay&quot;:300}\">\n\t\t\t<div class=\"elementor-widget-wrap elementor-element-populated\">\n\t\t\t\t\t\t<div class=\"elementor-element elementor-element-7e0bbbf elementor-widget elementor-widget-heading\" data-id=\"7e0bbbf\" data-element_type=\"widget\" data-e-type=\"widget\" data-widget_type=\"heading.default\">\n\t\t\t\t<div class=\"elementor-widget-container\">\n\t\t\t\t\t<h5 class=\"elementor-heading-title elementor-size-default\">Organization:<\/h5>\t\t\t\t<\/div>\n\t\t\t\t<\/div>\n\t\t\t\t<div class=\"elementor-element elementor-element-e7aa1a6 elementor-widget elementor-widget-text-editor\" data-id=\"e7aa1a6\" data-element_type=\"widget\" data-e-type=\"widget\" data-widget_type=\"text-editor.default\">\n\t\t\t\t<div class=\"elementor-widget-container\">\n\t\t\t\t\t\t\t\t\t<p><strong>Association:<\/strong><br \/>The Bay Areas e.V.<\/p><p><strong>In cooperation:<\/strong><br \/>Waterkant Festival<\/p><p><strong>E-Mail:<\/strong><br \/>we@the-bay-areas.de<\/p>\t\t\t\t\t\t\t\t<\/div>\n\t\t\t\t<\/div>\n\t\t\t\t\t<\/div>\n\t\t<\/div>\n\t\t\t\t<div class=\"elementor-column elementor-col-33 elementor-top-column elementor-element elementor-element-9aeb26a elementor-invisible\" data-id=\"9aeb26a\" data-element_type=\"column\" data-e-type=\"column\" data-settings=\"{&quot;animation&quot;:&quot;fadeIn&quot;,&quot;animation_tablet&quot;:&quot;none&quot;,&quot;animation_mobile&quot;:&quot;none&quot;,&quot;animation_delay&quot;:400}\">\n\t\t\t<div class=\"elementor-widget-wrap elementor-element-populated\">\n\t\t\t\t\t\t<div class=\"elementor-element elementor-element-c3e287c elementor-widget elementor-widget-heading\" data-id=\"c3e287c\" data-element_type=\"widget\" data-e-type=\"widget\" data-widget_type=\"heading.default\">\n\t\t\t\t<div class=\"elementor-widget-container\">\n\t\t\t\t\t<h5 class=\"elementor-heading-title elementor-size-default\">Location:<\/h5>\t\t\t\t<\/div>\n\t\t\t\t<\/div>\n\t\t\t\t<div class=\"elementor-element elementor-element-c350972 elementor-widget elementor-widget-text-editor\" data-id=\"c350972\" data-element_type=\"widget\" data-e-type=\"widget\" data-widget_type=\"text-editor.default\">\n\t\t\t\t<div class=\"elementor-widget-container\">\n\t\t\t\t\t\t\t\t\t<p>Coworking, Legienstr. 40, Kiel<\/p>\t\t\t\t\t\t\t\t<\/div>\n\t\t\t\t<\/div>\n\t\t\t\t<div class=\"elementor-element elementor-element-9e6eb8c elementor-widget elementor-widget-google_maps\" data-id=\"9e6eb8c\" data-element_type=\"widget\" data-e-type=\"widget\" data-widget_type=\"google_maps.default\">\n\t\t\t\t<div class=\"elementor-widget-container\">\n\t\t\t\t\t\t\t<div class=\"elementor-custom-embed\">\n\t\t\t <div class=\"brlbs-cmpnt-container brlbs-cmpnt-content-blocker brlbs-cmpnt-with-individual-styles\" data-borlabs-cookie-content-blocker-id=\"google-maps\" data-borlabs-cookie-content=\"PGlmcmFtZSBsb2FkaW5nPSJsYXp5IiBsb2FkaW5nPSJsYXp5IgoJCQkJCXNyYz0iaHR0cHM6Ly9tYXBzLmdvb2dsZS5jb20vbWFwcz9xPUNvd29ya2luZyUyQyUyMExlZ2llbnN0ci4lMjA0MCUyQyUyMEtpZWwmIzAzODt0PW0mIzAzODt6PTE0JiMwMzg7b3V0cHV0PWVtYmVkJiMwMzg7aXdsb2M9bmVhciIKCQkJCQl0aXRsZT0iQ293b3JraW5nLCBMZWdpZW5zdHIuIDQwLCBLaWVsIgoJCQkJCWFyaWEtbGFiZWw9IkNvd29ya2luZywgTGVnaWVuc3RyLiA0MCwgS2llbCIKCQkJPjwvaWZyYW1lPg==\"><div class=\"brlbs-cmpnt-cb-preset-b brlbs-cmpnt-cb-google-maps\"> <div class=\"brlbs-cmpnt-cb-thumbnail\" style=\"background-image: url('https:\/\/the-bay-areas.de\/wp-content\/uploads\/borlabs-cookie\/1\/brlbs-cb-google-maps-main.png')\"><\/div> <div class=\"brlbs-cmpnt-cb-main\"> <div class=\"brlbs-cmpnt-cb-content\"> <p class=\"brlbs-cmpnt-cb-description\">You are currently viewing a placeholder content from <strong>Google Maps<\/strong>. To access the actual content, click the button below. Please note that doing so will share data with third-party providers.<\/p> <a class=\"brlbs-cmpnt-cb-provider-toggle\" href=\"#\" data-borlabs-cookie-show-provider-information role=\"button\">More Information<\/a> <\/div> <div class=\"brlbs-cmpnt-cb-buttons\"> <a class=\"brlbs-cmpnt-cb-btn\" href=\"#\" data-borlabs-cookie-unblock role=\"button\">Unblock content<\/a> <a class=\"brlbs-cmpnt-cb-btn\" href=\"#\" data-borlabs-cookie-accept-service role=\"button\" style=\"display: inherit\">Accept required service and unblock content<\/a> <\/div> <\/div> <\/div><\/div>\n\t\t<\/div>\n\t\t\t\t\t\t<\/div>\n\t\t\t\t<\/div>\n\t\t\t\t\t<\/div>\n\t\t<\/div>\n\t\t\t\t\t<\/div>\n\t\t<\/section>\n\t\t\t\t<section class=\"elementor-section elementor-top-section elementor-element elementor-element-7d78235 elementor-section-boxed elementor-section-height-default elementor-section-height-default\" data-id=\"7d78235\" data-element_type=\"section\" data-e-type=\"section\">\n\t\t\t\t\t\t<div class=\"elementor-container elementor-column-gap-default\">\n\t\t\t\t\t<div class=\"elementor-column elementor-col-100 elementor-top-column elementor-element elementor-element-bebc8c4\" data-id=\"bebc8c4\" data-element_type=\"column\" data-e-type=\"column\">\n\t\t\t<div class=\"elementor-widget-wrap elementor-element-populated\">\n\t\t\t\t\t\t<div class=\"elementor-element elementor-element-7d7a2f7 elementor-hidden-desktop elementor-widget elementor-widget-spacer\" data-id=\"7d7a2f7\" data-element_type=\"widget\" data-e-type=\"widget\" data-widget_type=\"spacer.default\">\n\t\t\t\t<div class=\"elementor-widget-container\">\n\t\t\t\t\t\t\t<div class=\"elementor-spacer\">\n\t\t\t<div class=\"elementor-spacer-inner\"><\/div>\n\t\t<\/div>\n\t\t\t\t\t\t<\/div>\n\t\t\t\t<\/div>\n\t\t\t\t<div class=\"elementor-element elementor-element-ba2626f elementor-widget elementor-widget-image\" data-id=\"ba2626f\" data-element_type=\"widget\" data-e-type=\"widget\" data-widget_type=\"image.default\">\n\t\t\t\t<div class=\"elementor-widget-container\">\n\t\t\t\t\t\t\t\t\t<div class=\"elementor-image\">\n\t\t\t\t\t\t\t\t\t\t\t\t\t\t\t\t\t\t\t\t\t<img decoding=\"async\" width=\"51\" height=\"38\" src=\"https:\/\/the-bay-areas.de\/wp-content\/uploads\/2022\/02\/icon-2.svg\" class=\"attachment-full size-full wp-image-987862\" alt=\"\" \/>\t\t\t\t\t\t\t\t\t\t\t\t\t\t\t\t\t\t\t\t\t\t\t\t<\/div>\n\t\t\t\t\t\t\t\t<\/div>\n\t\t\t\t<\/div>\n\t\t\t\t\t<\/div>\n\t\t<\/div>\n\t\t\t\t\t<\/div>\n\t\t<\/section>\n\t\t\t\t<section class=\"elementor-section elementor-top-section elementor-element elementor-element-4d26a10 elementor-section-boxed elementor-section-height-default elementor-section-height-default\" data-id=\"4d26a10\" data-element_type=\"section\" data-e-type=\"section\" data-settings=\"{&quot;background_background&quot;:&quot;classic&quot;}\">\n\t\t\t\t\t\t<div class=\"elementor-container elementor-column-gap-default\">\n\t\t\t\t\t<div class=\"elementor-column elementor-col-100 elementor-top-column elementor-element elementor-element-209dca7\" data-id=\"209dca7\" data-element_type=\"column\" data-e-type=\"column\">\n\t\t\t<div class=\"elementor-widget-wrap elementor-element-populated\">\n\t\t\t\t\t\t<div class=\"elementor-element elementor-element-88353bc elementor-widget elementor-widget-heading\" data-id=\"88353bc\" data-element_type=\"widget\" data-e-type=\"widget\" data-widget_type=\"heading.default\">\n\t\t\t\t<div class=\"elementor-widget-container\">\n\t\t\t\t\t<h4 class=\"elementor-heading-title elementor-size-default\">Would you like to help shape partnerships?<br>Become a member now!<\/h4>\t\t\t\t<\/div>\n\t\t\t\t<\/div>\n\t\t\t\t<div class=\"elementor-element elementor-element-9c12806 elementor-align-center elementor-mobile-align-center elementor-widget elementor-widget-button\" data-id=\"9c12806\" data-element_type=\"widget\" data-e-type=\"widget\" data-widget_type=\"button.default\">\n\t\t\t\t<div class=\"elementor-widget-container\">\n\t\t\t\t\t\t\t\t\t<div class=\"elementor-button-wrapper\">\n\t\t\t\t\t<a class=\"elementor-button elementor-button-link elementor-size-sm\" href=\"\/en\/become-a-member\/\">\n\t\t\t\t\t\t<span class=\"elementor-button-content-wrapper\">\n\t\t\t\t\t\t<span class=\"elementor-button-icon\">\n\t\t\t\t<i aria-hidden=\"true\" class=\"fas fa-arrow-right\"><\/i>\t\t\t<\/span>\n\t\t\t\t\t\t\t\t\t<span class=\"elementor-button-text\">Become a member<\/span>\n\t\t\t\t\t<\/span>\n\t\t\t\t\t<\/a>\n\t\t\t\t<\/div>\n\t\t\t\t\t\t\t\t<\/div>\n\t\t\t\t<\/div>\n\t\t\t\t\t<\/div>\n\t\t<\/div>\n\t\t\t\t\t<\/div>\n\t\t<\/section>\n\t\t\t\t<\/div>","protected":false},"excerpt":{"rendered":"<p>Startups x Mittelstand Wir drehen den Spie\u00df um: 5 Unternehmen pitchen ihre Business Challenge vor ausgew\u00e4hlten Startups. Ziel: Startups erarbeiten L\u00f6sungen mit Unternehmen Pitch-Coaching f\u00fcr die Unternehmen vor dem Event&#8230;<\/p>","protected":false},"author":5,"featured_media":0,"parent":0,"menu_order":0,"comment_status":"closed","ping_status":"closed","template":"","meta":{"inline_featured_image":false,"footnotes":""},"class_list":["post-13403","page","type-page","status-publish","hentry"],"yoast_head":"<!-- This site is optimized with the Yoast SEO plugin v27.3 - https:\/\/yoast.com\/product\/yoast-seo-wordpress\/ -->\n<title>Reverse Pitch | In Kooperation mit dem Waterkant Festival - The Bay Areas e.V.<\/title>\n<meta name=\"robots\" content=\"index, follow, max-snippet:-1, max-image-preview:large, max-video-preview:-1\" \/>\n<link rel=\"canonical\" href=\"https:\/\/the-bay-areas.de\/en\/reverse-pitch-2\/\" \/>\n<meta property=\"og:locale\" content=\"en_US\" \/>\n<meta property=\"og:type\" content=\"article\" \/>\n<meta property=\"og:title\" content=\"Reverse Pitch | In Kooperation mit dem Waterkant Festival - The Bay Areas e.V.\" \/>\n<meta property=\"og:description\" content=\"Startups x Mittelstand Wir drehen den Spie\u00df um: 5 Unternehmen pitchen ihre Business Challenge vor ausgew\u00e4hlten Startups. Ziel: Startups erarbeiten L\u00f6sungen mit Unternehmen Pitch-Coaching f\u00fcr die Unternehmen vor dem Event...\" \/>\n<meta property=\"og:url\" content=\"https:\/\/the-bay-areas.de\/en\/reverse-pitch-2\/\" \/>\n<meta property=\"og:site_name\" content=\"The Bay Areas e.V.\" \/>\n<meta property=\"article:publisher\" content=\"https:\/\/www.facebook.com\/TheBayAreas\/\" \/>\n<meta property=\"article:modified_time\" content=\"2022-06-19T20:10:54+00:00\" \/>\n<meta property=\"og:image\" content=\"https:\/\/the-bay-areas.de\/wp-content\/uploads\/2022\/02\/icon-2.svg\" \/>\n<meta name=\"twitter:card\" content=\"summary_large_image\" \/>\n<meta name=\"twitter:site\" content=\"@the_bay_areas\" \/>\n<meta name=\"twitter:label1\" content=\"Est. reading time\" \/>\n\t<meta name=\"twitter:data1\" content=\"2 minutes\" \/>\n<script type=\"application\/ld+json\" class=\"yoast-schema-graph\">{\"@context\":\"https:\\\/\\\/schema.org\",\"@graph\":[{\"@type\":\"WebPage\",\"@id\":\"https:\\\/\\\/the-bay-areas.de\\\/reverse-pitch-2\\\/\",\"url\":\"https:\\\/\\\/the-bay-areas.de\\\/reverse-pitch-2\\\/\",\"name\":\"Reverse Pitch | In Kooperation mit dem Waterkant Festival - The Bay Areas e.V.\",\"isPartOf\":{\"@id\":\"https:\\\/\\\/the-bay-areas.de\\\/#website\"},\"primaryImageOfPage\":{\"@id\":\"https:\\\/\\\/the-bay-areas.de\\\/reverse-pitch-2\\\/#primaryimage\"},\"image\":{\"@id\":\"https:\\\/\\\/the-bay-areas.de\\\/reverse-pitch-2\\\/#primaryimage\"},\"thumbnailUrl\":\"https:\\\/\\\/the-bay-areas.de\\\/wp-content\\\/uploads\\\/2022\\\/02\\\/icon-2.svg\",\"datePublished\":\"2022-01-12T08:43:12+00:00\",\"dateModified\":\"2022-06-19T20:10:54+00:00\",\"breadcrumb\":{\"@id\":\"https:\\\/\\\/the-bay-areas.de\\\/reverse-pitch-2\\\/#breadcrumb\"},\"inLanguage\":\"en-US\",\"potentialAction\":[{\"@type\":\"ReadAction\",\"target\":[\"https:\\\/\\\/the-bay-areas.de\\\/reverse-pitch-2\\\/\"]}]},{\"@type\":\"ImageObject\",\"inLanguage\":\"en-US\",\"@id\":\"https:\\\/\\\/the-bay-areas.de\\\/reverse-pitch-2\\\/#primaryimage\",\"url\":\"https:\\\/\\\/the-bay-areas.de\\\/wp-content\\\/uploads\\\/2022\\\/02\\\/icon-2.svg\",\"contentUrl\":\"https:\\\/\\\/the-bay-areas.de\\\/wp-content\\\/uploads\\\/2022\\\/02\\\/icon-2.svg\"},{\"@type\":\"BreadcrumbList\",\"@id\":\"https:\\\/\\\/the-bay-areas.de\\\/reverse-pitch-2\\\/#breadcrumb\",\"itemListElement\":[{\"@type\":\"ListItem\",\"position\":1,\"name\":\"Startseite\",\"item\":\"https:\\\/\\\/the-bay-areas.de\\\/\"},{\"@type\":\"ListItem\",\"position\":2,\"name\":\"Reverse Pitch | In Kooperation mit dem Waterkant Festival\"}]},{\"@type\":\"WebSite\",\"@id\":\"https:\\\/\\\/the-bay-areas.de\\\/#website\",\"url\":\"https:\\\/\\\/the-bay-areas.de\\\/\",\"name\":\"The Bay Areas e.V.\",\"description\":\"We are The Bay Areas\",\"publisher\":{\"@id\":\"https:\\\/\\\/the-bay-areas.de\\\/#organization\"},\"potentialAction\":[{\"@type\":\"SearchAction\",\"target\":{\"@type\":\"EntryPoint\",\"urlTemplate\":\"https:\\\/\\\/the-bay-areas.de\\\/?s={search_term_string}\"},\"query-input\":{\"@type\":\"PropertyValueSpecification\",\"valueRequired\":true,\"valueName\":\"search_term_string\"}}],\"inLanguage\":\"en-US\"},{\"@type\":\"Organization\",\"@id\":\"https:\\\/\\\/the-bay-areas.de\\\/#organization\",\"name\":\"The Bay Areas e.V.\",\"url\":\"https:\\\/\\\/the-bay-areas.de\\\/\",\"logo\":{\"@type\":\"ImageObject\",\"inLanguage\":\"en-US\",\"@id\":\"https:\\\/\\\/the-bay-areas.de\\\/#\\\/schema\\\/logo\\\/image\\\/\",\"url\":\"https:\\\/\\\/the-bay-areas.de\\\/wp-content\\\/uploads\\\/2020\\\/11\\\/logo-footer-home1.svg\",\"contentUrl\":\"https:\\\/\\\/the-bay-areas.de\\\/wp-content\\\/uploads\\\/2020\\\/11\\\/logo-footer-home1.svg\",\"width\":163,\"height\":48,\"caption\":\"The Bay Areas e.V.\"},\"image\":{\"@id\":\"https:\\\/\\\/the-bay-areas.de\\\/#\\\/schema\\\/logo\\\/image\\\/\"},\"sameAs\":[\"https:\\\/\\\/www.facebook.com\\\/TheBayAreas\\\/\",\"https:\\\/\\\/x.com\\\/the_bay_areas\",\"https:\\\/\\\/www.linkedin.com\\\/company\\\/the-bay-areas\\\/\",\"https:\\\/\\\/www.instagram.com\\\/thebayareas\\\/\",\"https:\\\/\\\/www.youtube.com\\\/channel\\\/UCI47OHgXM5yrlVla0VVJQzQ\\\/featured\"]}]}<\/script>\n<!-- \/ Yoast SEO plugin. -->","yoast_head_json":{"title":"Reverse Pitch | In cooperation with the Waterkant Festival - The Bay Areas e.V.","robots":{"index":"index","follow":"follow","max-snippet":"max-snippet:-1","max-image-preview":"max-image-preview:large","max-video-preview":"max-video-preview:-1"},"canonical":"https:\/\/the-bay-areas.de\/en\/reverse-pitch-2\/","og_locale":"en_US","og_type":"article","og_title":"Reverse Pitch | In Kooperation mit dem Waterkant Festival - The Bay Areas e.V.","og_description":"Startups x Mittelstand Wir drehen den Spie\u00df um: 5 Unternehmen pitchen ihre Business Challenge vor ausgew\u00e4hlten Startups. Ziel: Startups erarbeiten L\u00f6sungen mit Unternehmen Pitch-Coaching f\u00fcr die Unternehmen vor dem Event...","og_url":"https:\/\/the-bay-areas.de\/en\/reverse-pitch-2\/","og_site_name":"The Bay Areas e.V.","article_publisher":"https:\/\/www.facebook.com\/TheBayAreas\/","article_modified_time":"2022-06-19T20:10:54+00:00","og_image":[{"url":"https:\/\/the-bay-areas.de\/wp-content\/uploads\/2022\/02\/icon-2.svg","type":"","width":"","height":""}],"twitter_card":"summary_large_image","twitter_site":"@the_bay_areas","twitter_misc":{"Est. reading time":"2 minutes"},"schema":{"@context":"https:\/\/schema.org","@graph":[{"@type":"WebPage","@id":"https:\/\/the-bay-areas.de\/reverse-pitch-2\/","url":"https:\/\/the-bay-areas.de\/reverse-pitch-2\/","name":"Reverse Pitch | In cooperation with the Waterkant Festival - The Bay Areas e.V.","isPartOf":{"@id":"https:\/\/the-bay-areas.de\/#website"},"primaryImageOfPage":{"@id":"https:\/\/the-bay-areas.de\/reverse-pitch-2\/#primaryimage"},"image":{"@id":"https:\/\/the-bay-areas.de\/reverse-pitch-2\/#primaryimage"},"thumbnailUrl":"https:\/\/the-bay-areas.de\/wp-content\/uploads\/2022\/02\/icon-2.svg","datePublished":"2022-01-12T08:43:12+00:00","dateModified":"2022-06-19T20:10:54+00:00","breadcrumb":{"@id":"https:\/\/the-bay-areas.de\/reverse-pitch-2\/#breadcrumb"},"inLanguage":"en-US","potentialAction":[{"@type":"ReadAction","target":["https:\/\/the-bay-areas.de\/reverse-pitch-2\/"]}]},{"@type":"ImageObject","inLanguage":"en-US","@id":"https:\/\/the-bay-areas.de\/reverse-pitch-2\/#primaryimage","url":"https:\/\/the-bay-areas.de\/wp-content\/uploads\/2022\/02\/icon-2.svg","contentUrl":"https:\/\/the-bay-areas.de\/wp-content\/uploads\/2022\/02\/icon-2.svg"},{"@type":"BreadcrumbList","@id":"https:\/\/the-bay-areas.de\/reverse-pitch-2\/#breadcrumb","itemListElement":[{"@type":"ListItem","position":1,"name":"Startseite","item":"https:\/\/the-bay-areas.de\/"},{"@type":"ListItem","position":2,"name":"Reverse Pitch | In Kooperation mit dem Waterkant Festival"}]},{"@type":"WebSite","@id":"https:\/\/the-bay-areas.de\/#website","url":"https:\/\/the-bay-areas.de\/","name":"The Bay Areas e.V.","description":"We are The Bay Areas","publisher":{"@id":"https:\/\/the-bay-areas.de\/#organization"},"potentialAction":[{"@type":"SearchAction","target":{"@type":"EntryPoint","urlTemplate":"https:\/\/the-bay-areas.de\/?s={search_term_string}"},"query-input":{"@type":"PropertyValueSpecification","valueRequired":true,"valueName":"search_term_string"}}],"inLanguage":"en-US"},{"@type":"Organization","@id":"https:\/\/the-bay-areas.de\/#organization","name":"The Bay Areas e.V.","url":"https:\/\/the-bay-areas.de\/","logo":{"@type":"ImageObject","inLanguage":"en-US","@id":"https:\/\/the-bay-areas.de\/#\/schema\/logo\/image\/","url":"https:\/\/the-bay-areas.de\/wp-content\/uploads\/2020\/11\/logo-footer-home1.svg","contentUrl":"https:\/\/the-bay-areas.de\/wp-content\/uploads\/2020\/11\/logo-footer-home1.svg","width":163,"height":48,"caption":"The Bay Areas e.V."},"image":{"@id":"https:\/\/the-bay-areas.de\/#\/schema\/logo\/image\/"},"sameAs":["https:\/\/www.facebook.com\/TheBayAreas\/","https:\/\/x.com\/the_bay_areas","https:\/\/www.linkedin.com\/company\/the-bay-areas\/","https:\/\/www.instagram.com\/thebayareas\/","https:\/\/www.youtube.com\/channel\/UCI47OHgXM5yrlVla0VVJQzQ\/featured"]}]}},"_links":{"self":[{"href":"https:\/\/the-bay-areas.de\/en\/wp-json\/wp\/v2\/pages\/13403","targetHints":{"allow":["GET"]}}],"collection":[{"href":"https:\/\/the-bay-areas.de\/en\/wp-json\/wp\/v2\/pages"}],"about":[{"href":"https:\/\/the-bay-areas.de\/en\/wp-json\/wp\/v2\/types\/page"}],"author":[{"embeddable":true,"href":"https:\/\/the-bay-areas.de\/en\/wp-json\/wp\/v2\/users\/5"}],"replies":[{"embeddable":true,"href":"https:\/\/the-bay-areas.de\/en\/wp-json\/wp\/v2\/comments?post=13403"}],"version-history":[{"count":15,"href":"https:\/\/the-bay-areas.de\/en\/wp-json\/wp\/v2\/pages\/13403\/revisions"}],"predecessor-version":[{"id":990095,"href":"https:\/\/the-bay-areas.de\/en\/wp-json\/wp\/v2\/pages\/13403\/revisions\/990095"}],"wp:attachment":[{"href":"https:\/\/the-bay-areas.de\/en\/wp-json\/wp\/v2\/media?parent=13403"}],"curies":[{"name":"wp","href":"https:\/\/api.w.org\/{rel}","templated":true}]}}